{"id":16080,"date":"2019-07-13T16:18:27","date_gmt":"2019-07-13T16:18:27","guid":{"rendered":"https:\/\/hakiacuka.com\/wp\/?page_id=16080"},"modified":"2019-08-01T20:05:51","modified_gmt":"2019-08-01T20:05:51","slug":"homepage","status":"publish","type":"page","link":"https:\/\/hakiacuka.com\/wp\/en\/homepage\/","title":{"rendered":"Home"},"content":{"rendered":"<p>[vc_row css_animation=&#8221;&#8221; row_type=&#8221;row&#8221; use_row_as_full_screen_section=&#8221;no&#8221; type=&#8221;full_width&#8221; angled_section=&#8221;no&#8221; text_align=&#8221;left&#8221; background_image_as_pattern=&#8221;without_pattern&#8221; el_class=&#8221;pcengrow&#8221;][vc_column][vc_single_image image=&#8221;16081&#8243; img_size=&#8221;full&#8221; alignment=&#8221;center&#8221; qode_css_animation=&#8221;&#8221;][vc_raw_html]JTNDZGl2JTIwY2xhc3MlM0QlMjJ2Y19zaW5nbGVfaW1hZ2Utd3JhcHBlciUyMCUyMCUyMHZjX2JveF9ib3JkZXJfZ3JleSUyMiUzRSUzQ2RpdiUyMGNsYXNzJTNEJTIyYnV0dG9uQXJlYSUyMiUzRSUzQ2RpdiUyMGNsYXNzJTNEJTIyYnV0dG9uVyUyMiUzRSUzQ2ElMjBocmVmJTNEJTIyJTJGd3AlMkZlbiUyRmdlbnVpbmUtdGFzdGVzJTJGJTIyJTNFJTNDc3BhbiUzRUdFTlVJTkUlMjBUQVNURVMlM0MlMkZzcGFuJTNFJTNDJTJGYSUzRSUzQyUyRmRpdiUzRSUzQ2ltZyUyMHdpZHRoJTNEJTIyMTkyMCUyMiUyMGhlaWdodCUzRCUyMjc2MCUyMiUyMHNyYyUzRCUyMmh0dHBzJTNBJTJGJTJGaGFraWFjdWthLmNvbSUyRndwJTJGd3AtY29udGVudCUyRnVwbG9hZHMlMkYyMDE5JTJGMDclMkZhbmFzYXlmYS1lbmcyLmpwZyUyMiUyMGNsYXNzJTNEJTIydmNfc2luZ2xlX2ltYWdlLWltZyUyMGF0dGFjaG1lbnQtZnVsbCUyMiUyMGFsdCUzRCUyMiUyMiUzRSUzQyUyRmRpdiUzRSUzQyUyRmRpdiUzRQ==[\/vc_raw_html][vc_raw_html]JTNDZGl2JTIwY2xhc3MlM0QlMjJ2Y19zaW5nbGVfaW1hZ2Utd3JhcHBlciUyMCUyMCUyMHZjX2JveF9ib3JkZXJfZ3JleSUyMiUzRSUzQ2RpdiUyMGNsYXNzJTNEJTIyYnV0dG9uQXJlYSUyMiUzRSUzQ2RpdiUyMGNsYXNzJTNEJTIyYnV0dG9uUiUyMHRlayUyMiUzRSUzQ2ElMjBocmVmJTNEJTIyJTJGd3AlMkZlbiUyRnByb2R1Y3RzJTJGJTIyJTNFJTNDc3BhbiUzRVBST0RVQ1RTJTNDJTJGc3BhbiUzRSUzQyUyRmElM0UlM0MlMkZkaXYlM0UlM0NpbWclMjB3aWR0aCUzRCUyMjE5MjAlMjIlMjBoZWlnaHQlM0QlMjI3MjAlMjIlMjBzcmMlM0QlMjJodHRwcyUzQSUyRiUyRmhha2lhY3VrYS5jb20lMkZ3cCUyRndwLWNvbnRlbnQlMkZ1cGxvYWRzJTJGMjAxOSUyRjA3JTJGYW5hc2F5ZmEtZW5nMy5qcGclMjIlMjBjbGFzcyUzRCUyMnZjX3NpbmdsZV9pbWFnZS1pbWclMjBhdHRhY2htZW50LWZ1bGwlMjIlMjBhbHQlM0QlMjIlMjIlM0UlM0MlMkZkaXYlM0UlM0MlMkZkaXYlM0U=[\/vc_raw_html][vc_single_image image=&#8221;16096&#8243; img_size=&#8221;full&#8221; alignment=&#8221;center&#8221; qode_css_animation=&#8221;&#8221;][vc_single_image image=&#8221;16097&#8243; img_size=&#8221;full&#8221; alignment=&#8221;center&#8221; qode_css_animation=&#8221;&#8221;][vc_single_image image=&#8221;16098&#8243; img_size=&#8221;full&#8221; alignment=&#8221;center&#8221; qode_css_animation=&#8221;&#8221;][vc_raw_html]JTNDZGl2JTIwY2xhc3MlM0QlMjJ2Y19zaW5nbGVfaW1hZ2Utd3JhcHBlciUyMCUyMCUyMHZjX2JveF9ib3JkZXJfZ3JleSUyMiUzRSUzQ2RpdiUyMGNsYXNzJTNEJTIyYnV0dG9uQXJlYSUyMiUzRSUzQ2RpdiUyMGNsYXNzJTNEJTIyYnV0dG9uVyUyMiUzRSUzQ2ElMjBocmVmJTNEJTIyJTJGd3AlMkZlbiUyRmRlbGljaWlvdXMlMjByZWNpcGVzJTJGJTIyJTNFJTNDc3BhbiUzRURFTElDSU9VUyUyMFJFQ0lQRVMlM0MlMkZzcGFuJTNFJTNDJTJGYSUzRSUzQyUyRmRpdiUzRSUzQ2ltZyUyMHdpZHRoJTNEJTIyMTkyMCUyMiUyMGhlaWdodCUzRCUyMjY4NyUyMiUyMHNyYyUzRCUyMmh0dHBzJTNBJTJGJTJGaGFraWFjdWthLmNvbSUyRndwJTJGd3AtY29udGVudCUyRnVwbG9hZHMlMkYyMDE5JTJGMDclMkZhbmFzYXlmYS1lbmc3LTEuanBnJTIyJTIwY2xhc3MlM0QlMjJ2Y19zaW5nbGVfaW1hZ2UtaW1nJTIwYXR0YWNobWVudC1mdWxsJTIyJTIwYWx0JTNEJTIyJTIyJTNFJTNDJTJGZGl2JTNFJTNDJTJGZGl2JTNF[\/vc_raw_html][vc_single_image image=&#8221;16102&#8243; img_size=&#8221;full&#8221; alignment=&#8221;center&#8221; qode_css_animation=&#8221;&#8221;][vc_single_image image=&#8221;16104&#8243; img_size=&#8221;full&#8221; alignment=&#8221;center&#8221; qode_css_animation=&#8221;&#8221;][vc_raw_html]JTA5JTA5JTA5JTNDZGl2JTIwY2xhc3MlM0QlMjJ2Y19zaW5nbGVfaW1hZ2Utd3JhcHBlciUyMHZjX2JveF9ib3JkZXJfZ3JleSUyMiUzRSUwQSUwOSUwOSUwOSUwOSUzQ2RpdiUyMGNsYXNzJTNEJTIyYnV0dG9uQXJlYSUyMiUzRSUwQSUwOSUwOSUwOSUwOSUwOSUzQ2RpdiUyMGNsYXNzJTNEJTIyYnV0dG9uVyUyMHRlayUyMGNlbnRlcmVkcyUyMiUzRSUzQ2ElMjBocmVmJTNEJTIyJTJGd3AlMkZlbiUyRmNvbnRhY3QtdXMlMkYlMjIlM0UlM0NzcGFuJTNFQ09OVEFDVCUyMFVTJTNDJTJGc3BhbiUzRSUzQyUyRmElM0UlM0MlMkZkaXYlM0UlMEElMDklMDklMDklMDklMDklMDklM0NpbWclMjB3aWR0aCUzRCUyMjE5MjAlMjIlMjBoZWlnaHQlM0QlMjIzMDMlMjIlMjBzcmMlM0QlMjJodHRwcyUzQSUyRiUyRmhha2lhY3VrYS5jb20lMkZ3cCUyRndwLWNvbnRlbnQlMkZ1cGxvYWRzJTJGMjAxOSUyRjA3JTJGYW5hc2F5ZmEtZW5nOS5qcGclMjIlMjBjbGFzcyUzRCUyMnZjX3NpbmdsZV9pbWFnZS1pbWclMjBhdHRhY2htZW50LWZ1bGwlMjIlMjBhbHQlM0QlMjIlMjIlMjAlMkYlM0UlMEElMDklMDklMDklMDklM0MlMkZkaXYlM0UlMEElMDklMDklMDklM0MlMkZkaXYlM0U=[\/vc_raw_html][vc_single_image image=&#8221;16106&#8243; img_size=&#8221;full&#8221; alignment=&#8221;center&#8221; qode_css_animation=&#8221;&#8221;][\/vc_column][\/vc_row][vc_row css_animation=&#8221;&#8221; row_type=&#8221;row&#8221; use_row_as_full_screen_section=&#8221;no&#8221; type=&#8221;full_width&#8221; angled_section=&#8221;no&#8221; text_align=&#8221;left&#8221; background_image_as_pattern=&#8221;without_pattern&#8221; el_class=&#8221;mobilerow&#8221;][vc_column][vc_single_image image=&#8221;16147&#8243; img_size=&#8221;full&#8221; alignment=&#8221;center&#8221; qode_css_animation=&#8221;&#8221;][vc_raw_html]JTNDZGl2JTIwY2xhc3MlM0QlMjJ2Y19zaW5nbGVfaW1hZ2Utd3JhcHBlciUyMCUyMCUyMHZjX2JveF9ib3JkZXJfZ3JleSUyMiUzRSUwQSUwOSUwOSUwOSUwOSUzQ2RpdiUyMGNsYXNzJTNEJTIyYnV0dG9uQXJlYSUyMiUzRSUwQSUzQ2RpdiUyMGNsYXNzJTNEJTIyYnV0dG9uUiUyMGJ1dHRvbk1vYmlsZTAxJTIyJTNFJTNDYSUyMGhyZWYlM0QlMjIlMkZ3cCUyRmVuJTJGZ2VudWluZS10YXN0ZXMlMkYlMjIlM0UlM0NzcGFuJTNFR0VOVUlORSUyMFRBU1RFUyUzQyUyRnNwYW4lM0UlM0MlMkZhJTNFJTNDJTJGZGl2JTNFJTBBJTA5JTA5JTA5JTA5JTA5JTA5JTNDaW1nJTIwd2lkdGglM0QlMjIxMDAlMjUlMjIlMjBzcmMlM0RodHRwcyUzQSUyRiUyRmhha2lhY3VrYS5jb20lMkZ3cCUyRndwLWNvbnRlbnQlMkZ1cGxvYWRzJTJGMjAxOSUyRjA3JTJGYW5hLXNheWZhLWNlcC12ZXJzaXlvbi1pbmcyLmpwZyUyMiUyMGNsYXNzJTNEJTIydmNfc2luZ2xlX2ltYWdlLWltZyUyMGF0dGFjaG1lbnQtZnVsbCUyMiUyMGFsdCUzRCUyMiUyMiUzRSUwQSUwOSUwOSUwOSUwOSUzQyUyRmRpdiUzRSUwQSUwOSUwOSUwOSUzQyUyRmRpdiUzRQ==[\/vc_raw_html][vc_raw_html]JTNDZGl2JTIwY2xhc3MlM0QlMjJ2Y19zaW5nbGVfaW1hZ2Utd3JhcHBlciUyMCUyMCUyMHZjX2JveF9ib3JkZXJfZ3JleSUyMiUzRSUwQSUwOSUwOSUwOSUwOSUzQ2RpdiUyMGNsYXNzJTNEJTIyYnV0dG9uQXJlYSUyMiUzRSUwQSUwOSUwOSUwOSUwOSUwOSUzQ2RpdiUyMGNsYXNzJTNEJTIyYnV0dG9uVyUyMHRlayUyMGJ1dHRvbk1vYmlsZTAyJTIyJTNFJTNDYSUyMGhyZWYlM0QlMjIlMkZ3cCUyRmVuJTJGcHJvZHVjdHMlMkYlMjIlM0UlM0NzcGFuJTNFUFJPRFVDVFMlM0MlMkZzcGFuJTNFJTNDJTJGYSUzRSUzQyUyRmRpdiUzRSUwQSUwOSUwOSUwOSUwOSUwOSUwOSUzQ2ltZyUyMHdpZHRoJTNEJTIyMTAwJTI1JTIyJTIwc3JjJTNEJTIyaHR0cHMlM0ElMkYlMkZoYWtpYWN1a2EuY29tJTJGd3AlMkZ3cC1jb250ZW50JTJGdXBsb2FkcyUyRjIwMTklMkYwNyUyRmFuYS1zYXlmYS1jZXAtdmVyc2l5b24taW5nMy5qcGclMjIlMjBjbGFzcyUzRCUyMnZjX3NpbmdsZV9pbWFnZS1pbWclMjBhdHRhY2htZW50LWZ1bGwlMjIlMjBhbHQlM0QlMjIlMjIlM0UlMEElMDklMDklMDklMDklM0MlMkZkaXYlM0UlMEElMDklMDklMDklM0MlMkZkaXYlM0U=[\/vc_raw_html][vc_raw_html]JTNDZGl2JTIwY2xhc3MlM0QlMjJ2Y19zaW5nbGVfaW1hZ2Utd3JhcHBlciUyMCUyMCUyMHZjX2JveF9ib3JkZXJfZ3JleSUyMiUzRSUwQSUwOSUwOSUwOSUwOSUzQ2RpdiUyMGNsYXNzJTNEJTIyYnV0dG9uQXJlYSUyMiUzRSUwQSUwOSUwOSUwOSUwOSUwOSUzQ2RpdiUyMGNsYXNzJTNEJTIyYnV0dG9uUiUyMGJ1dHRvbk1vYmlsZTAzJTIyJTNFJTNDYSUyMGhyZWYlM0QlMjIlMkZ3cCUyRmVuJTJGZGVsaWNpb3VzLXJlY2lwZXMlMkYlMjIlM0UlM0NzcGFuJTNFREVMSUNJT1VTJTIwUkVDSVBFUyUzQyUyRnNwYW4lM0UlM0MlMkZhJTNFJTNDJTJGZGl2JTNFJTBBJTA5JTA5JTA5JTA5JTA5JTA5JTNDaW1nJTIwd2lkdGglM0QlMjIxMDAlMjUlMjIlMjBzcmMlM0QlMjJodHRwcyUzQSUyRiUyRmhha2lhY3VrYS5jb20lMkZ3cCUyRndwLWNvbnRlbnQlMkZ1cGxvYWRzJTJGMjAxOSUyRjA3JTJGYW5hLXNheWZhLWNlcC12ZXJzaXlvbi1pbmc0LmpwZyUyMiUyMGNsYXNzJTNEJTIydmNfc2luZ2xlX2ltYWdlLWltZyUyMGF0dGFjaG1lbnQtZnVsbCUyMiUyMGFsdCUzRCUyMiUyMiUzRSUwQSUwOSUwOSUwOSUwOSUzQyUyRmRpdiUzRSUwQSUwOSUwOSUwOSUzQyUyRmRpdiUzRQ==[\/vc_raw_html][vc_single_image image=&#8221;16151&#8243; img_size=&#8221;full&#8221; alignment=&#8221;center&#8221; qode_css_animation=&#8221;&#8221;][vc_raw_html]JTNDZGl2JTIwY2xhc3MlM0QlMjJ2Y19zaW5nbGVfaW1hZ2Utd3JhcHBlciUyMCUyMCUyMHZjX2JveF9ib3JkZXJfZ3JleSUyMiUzRSUwQSUwOSUwOSUwOSUwOSUzQ2RpdiUyMGNsYXNzJTNEJTIyYnV0dG9uQXJlYSUyMiUzRSUwQSUwOSUwOSUwOSUwOSUwOSUzQ2RpdiUyMGNsYXNzJTNEJTIyYnV0dG9uVyUyMHRlayUyMGJ1dHRvbk1vYmlsZTA0JTIyJTNFJTNDYSUyMGhyZWYlM0QlMjIlMkZ3cCUyRmVuLWNvbnRhY3QtdXMlMkYlMjIlM0UlM0NzcGFuJTNFQ09OVEFDVCUyMFVTJTNDJTJGc3BhbiUzRSUzQyUyRmElM0UlM0MlMkZkaXYlM0UlMEElMDklMDklMDklMDklMDklMDklM0NpbWclMjB3aWR0aCUzRCUyMjEwMCUyNSUyMiUyMHNyYyUzRCUyMmh0dHBzJTNBJTJGJTJGaGFraWFjdWthLmNvbSUyRndwJTJGd3AtY29udGVudCUyRnVwbG9hZHMlMkYyMDE5JTJGMDclMkZhbmEtc2F5ZmEtY2VwLXZlcnNpeW9uLWluZzYuanBnJTIyJTIwY2xhc3MlM0QlMjJ2Y19zaW5nbGVfaW1hZ2UtaW1nJTIwYXR0YWNobWVudC1mdWxsJTIyJTIwYWx0JTNEJTIyJTIyJTNFJTBBJTA5JTA5JTA5JTA5JTNDJTJGZGl2JTNFJTBBJTA5JTA5JTA5JTNDJTJGZGl2JTNF[\/vc_raw_html][\/vc_column][\/vc_row]<\/p>\n","protected":false},"excerpt":{"rendered":"<p>[vc_row css_animation=&#8221;&#8221; row_type=&#8221;row&#8221; use_row_as_full_screen_section=&#8221;no&#8221; type=&#8221;full_width&#8221; angled_section=&#8221;no&#8221; text_align=&#8221;left&#8221; background_image_as_pattern=&#8221;without_pattern&#8221; el_class=&#8221;pcengrow&#8221;][vc_column][vc_single_image image=&#8221;16081&#8243; img_size=&#8221;full&#8221; alignment=&#8221;center&#8221; qode_css_animation=&#8221;&#8221;][vc_raw_html]JTNDZGl2JTIwY2xhc3MlM0QlMjJ2Y19zaW5nbGVfaW1hZ2Utd3JhcHBlciUyMCUyMCUyMHZjX2JveF9ib3JkZXJfZ3JleSUyMiUzRSUzQ2RpdiUyMGNsYXNzJTNEJTIyYnV0dG9uQXJlYSUyMiUzRSUzQ2RpdiUyMGNsYXNzJTNEJTIyYnV0dG9uVyUyMiUzRSUzQ2ElMjBocmVmJTNEJTIyJTJGd3AlMkZlbiUyRmdlbnVpbmUtdGFzdGVzJTJGJTIyJTNFJTNDc3BhbiUzRUdFTlVJTkUlMjBUQVNURVMlM0MlMkZzcGFuJTNFJTNDJTJGYSUzRSUzQyUyRmRpdiUzRSUzQ2ltZyUyMHdpZHRoJTNEJTIyMTkyMCUyMiUyMGhlaWdodCUzRCUyMjc2MCUyMiUyMHNyYyUzRCUyMmh0dHBzJTNBJTJGJTJGaGFraWFjdWthLmNvbSUyRndwJTJGd3AtY29udGVudCUyRnVwbG9hZHMlMkYyMDE5JTJGMDclMkZhbmFzYXlmYS1lbmcyLmpwZyUyMiUyMGNsYXNzJTNEJTIydmNfc2luZ2xlX2ltYWdlLWltZyUyMGF0dGFjaG1lbnQtZnVsbCUyMiUyMGFsdCUzRCUyMiUyMiUzRSUzQyUyRmRpdiUzRSUzQyUyRmRpdiUzRQ==[\/vc_raw_html][vc_raw_html]JTNDZGl2JTIwY2xhc3MlM0QlMjJ2Y19zaW5nbGVfaW1hZ2Utd3JhcHBlciUyMCUyMCUyMHZjX2JveF9ib3JkZXJfZ3JleSUyMiUzRSUzQ2RpdiUyMGNsYXNzJTNEJTIyYnV0dG9uQXJlYSUyMiUzRSUzQ2RpdiUyMGNsYXNzJTNEJTIyYnV0dG9uUiUyMHRlayUyMiUzRSUzQ2ElMjBocmVmJTNEJTIyJTJGd3AlMkZlbiUyRnByb2R1Y3RzJTJGJTIyJTNFJTNDc3BhbiUzRVBST0RVQ1RTJTNDJTJGc3BhbiUzRSUzQyUyRmElM0UlM0MlMkZkaXYlM0UlM0NpbWclMjB3aWR0aCUzRCUyMjE5MjAlMjIlMjBoZWlnaHQlM0QlMjI3MjAlMjIlMjBzcmMlM0QlMjJodHRwcyUzQSUyRiUyRmhha2lhY3VrYS5jb20lMkZ3cCUyRndwLWNvbnRlbnQlMkZ1cGxvYWRzJTJGMjAxOSUyRjA3JTJGYW5hc2F5ZmEtZW5nMy5qcGclMjIlMjBjbGFzcyUzRCUyMnZjX3NpbmdsZV9pbWFnZS1pbWclMjBhdHRhY2htZW50LWZ1bGwlMjIlMjBhbHQlM0QlMjIlMjIlM0UlM0MlMkZkaXYlM0UlM0MlMkZkaXYlM0U=[\/vc_raw_html][vc_single_image image=&#8221;16096&#8243; img_size=&#8221;full&#8221; alignment=&#8221;center&#8221; qode_css_animation=&#8221;&#8221;][vc_single_image image=&#8221;16097&#8243; img_size=&#8221;full&#8221; alignment=&#8221;center&#8221; qode_css_animation=&#8221;&#8221;][vc_single_image image=&#8221;16098&#8243; img_size=&#8221;full&#8221; alignment=&#8221;center&#8221; qode_css_animation=&#8221;&#8221;][vc_raw_html]JTNDZGl2JTIwY2xhc3MlM0QlMjJ2Y19zaW5nbGVfaW1hZ2Utd3JhcHBlciUyMCUyMCUyMHZjX2JveF9ib3JkZXJfZ3JleSUyMiUzRSUzQ2RpdiUyMGNsYXNzJTNEJTIyYnV0dG9uQXJlYSUyMiUzRSUzQ2RpdiUyMGNsYXNzJTNEJTIyYnV0dG9uVyUyMiUzRSUzQ2ElMjBocmVmJTNEJTIyJTJGd3AlMkZlbiUyRmRlbGljaWlvdXMlMjByZWNpcGVzJTJGJTIyJTNFJTNDc3BhbiUzRURFTElDSU9VUyUyMFJFQ0lQRVMlM0MlMkZzcGFuJTNFJTNDJTJGYSUzRSUzQyUyRmRpdiUzRSUzQ2ltZyUyMHdpZHRoJTNEJTIyMTkyMCUyMiUyMGhlaWdodCUzRCUyMjY4NyUyMiUyMHNyYyUzRCUyMmh0dHBzJTNBJTJGJTJGaGFraWFjdWthLmNvbSUyRndwJTJGd3AtY29udGVudCUyRnVwbG9hZHMlMkYyMDE5JTJGMDclMkZhbmFzYXlmYS1lbmc3LTEuanBnJTIyJTIwY2xhc3MlM0QlMjJ2Y19zaW5nbGVfaW1hZ2UtaW1nJTIwYXR0YWNobWVudC1mdWxsJTIyJTIwYWx0JTNEJTIyJTIyJTNFJTNDJTJGZGl2JTNFJTNDJTJGZGl2JTNF[\/vc_raw_html][vc_single_image image=&#8221;16102&#8243; img_size=&#8221;full&#8221; alignment=&#8221;center&#8221; qode_css_animation=&#8221;&#8221;][vc_single_image image=&#8221;16104&#8243; img_size=&#8221;full&#8221; alignment=&#8221;center&#8221; qode_css_animation=&#8221;&#8221;][vc_raw_html]JTA5JTA5JTA5JTNDZGl2JTIwY2xhc3MlM0QlMjJ2Y19zaW5nbGVfaW1hZ2Utd3JhcHBlciUyMHZjX2JveF9ib3JkZXJfZ3JleSUyMiUzRSUwQSUwOSUwOSUwOSUwOSUzQ2RpdiUyMGNsYXNzJTNEJTIyYnV0dG9uQXJlYSUyMiUzRSUwQSUwOSUwOSUwOSUwOSUwOSUzQ2RpdiUyMGNsYXNzJTNEJTIyYnV0dG9uVyUyMHRlayUyMGNlbnRlcmVkcyUyMiUzRSUzQ2ElMjBocmVmJTNEJTIyJTJGd3AlMkZlbiUyRmNvbnRhY3QtdXMlMkYlMjIlM0UlM0NzcGFuJTNFQ09OVEFDVCUyMFVTJTNDJTJGc3BhbiUzRSUzQyUyRmElM0UlM0MlMkZkaXYlM0UlMEElMDklMDklMDklMDklMDklMDklM0NpbWclMjB3aWR0aCUzRCUyMjE5MjAlMjIlMjBoZWlnaHQlM0QlMjIzMDMlMjIlMjBzcmMlM0QlMjJodHRwcyUzQSUyRiUyRmhha2lhY3VrYS5jb20lMkZ3cCUyRndwLWNvbnRlbnQlMkZ1cGxvYWRzJTJGMjAxOSUyRjA3JTJGYW5hc2F5ZmEtZW5nOS5qcGclMjIlMjBjbGFzcyUzRCUyMnZjX3NpbmdsZV9pbWFnZS1pbWclMjBhdHRhY2htZW50LWZ1bGwlMjIlMjBhbHQlM0QlMjIlMjIlMjAlMkYlM0UlMEElMDklMDklMDklMDklM0MlMkZkaXYlM0UlMEElMDklMDklMDklM0MlMkZkaXYlM0U=[\/vc_raw_html][vc_single_image image=&#8221;16106&#8243; img_size=&#8221;full&#8221; alignment=&#8221;center&#8221; qode_css_animation=&#8221;&#8221;][\/vc_column][\/vc_row][vc_row css_animation=&#8221;&#8221; row_type=&#8221;row&#8221; use_row_as_full_screen_section=&#8221;no&#8221; type=&#8221;full_width&#8221; angled_section=&#8221;no&#8221; text_align=&#8221;left&#8221; background_image_as_pattern=&#8221;without_pattern&#8221; el_class=&#8221;mobilerow&#8221;][vc_column][vc_single_image&#8230;<\/p>\n","protected":false},"author":1,"featured_media":0,"parent":0,"menu_order":0,"comment_status":"closed","ping_status":"closed","template":"full_width.php","meta":{"footnotes":""},"class_list":["post-16080","page","type-page","status-publish","hentry"],"yoast_head":"<!-- This site is optimized with the Yoast SEO plugin v24.3 - https:\/\/yoast.com\/wordpress\/plugins\/seo\/ -->\n<title>Home - Haki Acuka<\/title>\n<meta name=\"description\" content=\"Haki Acuka, Zeytin Salatas\u0131, Izgara Sosu ve \u0130ncir Ezmesi ile Geleneksel Lezzetleri Gurme Tariflerle Sofran\u0131za Getirmektedir.\" \/>\n<meta name=\"robots\" content=\"index, follow, max-snippet:-1, max-image-preview:large, max-video-preview:-1\" \/>\n<link rel=\"canonical\" href=\"https:\/\/hakiacuka.com\/wp\/en\/homepage\/\" \/>\n<meta property=\"og:locale\" content=\"en_US\" \/>\n<meta property=\"og:type\" content=\"article\" \/>\n<meta property=\"og:title\" content=\"Home - Haki Acuka\" \/>\n<meta property=\"og:description\" content=\"Haki Acuka, Zeytin Salatas\u0131, Izgara Sosu ve \u0130ncir Ezmesi ile Geleneksel Lezzetleri Gurme Tariflerle Sofran\u0131za Getirmektedir.\" \/>\n<meta property=\"og:url\" content=\"https:\/\/hakiacuka.com\/wp\/en\/homepage\/\" \/>\n<meta property=\"og:site_name\" content=\"Haki Acuka\" \/>\n<meta property=\"article:modified_time\" content=\"2019-08-01T20:05:51+00:00\" \/>\n<meta name=\"twitter:card\" content=\"summary_large_image\" \/>\n<meta name=\"twitter:label1\" content=\"Est. reading time\" \/>\n\t<meta name=\"twitter:data1\" content=\"3 minutes\" \/>\n<script type=\"application\/ld+json\" class=\"yoast-schema-graph\">{\"@context\":\"https:\/\/schema.org\",\"@graph\":[{\"@type\":\"WebPage\",\"@id\":\"https:\/\/hakiacuka.com\/wp\/en\/homepage\/\",\"url\":\"https:\/\/hakiacuka.com\/wp\/en\/homepage\/\",\"name\":\"Home - Haki Acuka\",\"isPartOf\":{\"@id\":\"https:\/\/hakiacuka.com\/wp\/#website\"},\"datePublished\":\"2019-07-13T16:18:27+00:00\",\"dateModified\":\"2019-08-01T20:05:51+00:00\",\"description\":\"Haki Acuka, Zeytin Salatas\u0131, Izgara Sosu ve \u0130ncir Ezmesi ile Geleneksel Lezzetleri Gurme Tariflerle Sofran\u0131za Getirmektedir.\",\"breadcrumb\":{\"@id\":\"https:\/\/hakiacuka.com\/wp\/en\/homepage\/#breadcrumb\"},\"inLanguage\":\"en-US\",\"potentialAction\":[{\"@type\":\"ReadAction\",\"target\":[\"https:\/\/hakiacuka.com\/wp\/en\/homepage\/\"]}]},{\"@type\":\"BreadcrumbList\",\"@id\":\"https:\/\/hakiacuka.com\/wp\/en\/homepage\/#breadcrumb\",\"itemListElement\":[{\"@type\":\"ListItem\",\"position\":1,\"name\":\"Home\",\"item\":\"https:\/\/hakiacuka.com\/wp\/\"},{\"@type\":\"ListItem\",\"position\":2,\"name\":\"Home\"}]},{\"@type\":\"WebSite\",\"@id\":\"https:\/\/hakiacuka.com\/wp\/#website\",\"url\":\"https:\/\/hakiacuka.com\/wp\/\",\"name\":\"Haki Acuka\",\"description\":\"Hakiki Lezzet\",\"potentialAction\":[{\"@type\":\"SearchAction\",\"target\":{\"@type\":\"EntryPoint\",\"urlTemplate\":\"https:\/\/hakiacuka.com\/wp\/?s={search_term_string}\"},\"query-input\":{\"@type\":\"PropertyValueSpecification\",\"valueRequired\":true,\"valueName\":\"search_term_string\"}}],\"inLanguage\":\"en-US\"}]}<\/script>\n<!-- \/ Yoast SEO plugin. -->","yoast_head_json":{"title":"Home - Haki Acuka","description":"Haki Acuka, Zeytin Salatas\u0131, Izgara Sosu ve \u0130ncir Ezmesi ile Geleneksel Lezzetleri Gurme Tariflerle Sofran\u0131za Getirmektedir.","robots":{"index":"index","follow":"follow","max-snippet":"max-snippet:-1","max-image-preview":"max-image-preview:large","max-video-preview":"max-video-preview:-1"},"canonical":"https:\/\/hakiacuka.com\/wp\/en\/homepage\/","og_locale":"en_US","og_type":"article","og_title":"Home - Haki Acuka","og_description":"Haki Acuka, Zeytin Salatas\u0131, Izgara Sosu ve \u0130ncir Ezmesi ile Geleneksel Lezzetleri Gurme Tariflerle Sofran\u0131za Getirmektedir.","og_url":"https:\/\/hakiacuka.com\/wp\/en\/homepage\/","og_site_name":"Haki Acuka","article_modified_time":"2019-08-01T20:05:51+00:00","twitter_card":"summary_large_image","twitter_misc":{"Est. reading time":"3 minutes"},"schema":{"@context":"https:\/\/schema.org","@graph":[{"@type":"WebPage","@id":"https:\/\/hakiacuka.com\/wp\/en\/homepage\/","url":"https:\/\/hakiacuka.com\/wp\/en\/homepage\/","name":"Home - Haki Acuka","isPartOf":{"@id":"https:\/\/hakiacuka.com\/wp\/#website"},"datePublished":"2019-07-13T16:18:27+00:00","dateModified":"2019-08-01T20:05:51+00:00","description":"Haki Acuka, Zeytin Salatas\u0131, Izgara Sosu ve \u0130ncir Ezmesi ile Geleneksel Lezzetleri Gurme Tariflerle Sofran\u0131za Getirmektedir.","breadcrumb":{"@id":"https:\/\/hakiacuka.com\/wp\/en\/homepage\/#breadcrumb"},"inLanguage":"en-US","potentialAction":[{"@type":"ReadAction","target":["https:\/\/hakiacuka.com\/wp\/en\/homepage\/"]}]},{"@type":"BreadcrumbList","@id":"https:\/\/hakiacuka.com\/wp\/en\/homepage\/#breadcrumb","itemListElement":[{"@type":"ListItem","position":1,"name":"Home","item":"https:\/\/hakiacuka.com\/wp\/"},{"@type":"ListItem","position":2,"name":"Home"}]},{"@type":"WebSite","@id":"https:\/\/hakiacuka.com\/wp\/#website","url":"https:\/\/hakiacuka.com\/wp\/","name":"Haki Acuka","description":"Hakiki Lezzet","potentialAction":[{"@type":"SearchAction","target":{"@type":"EntryPoint","urlTemplate":"https:\/\/hakiacuka.com\/wp\/?s={search_term_string}"},"query-input":{"@type":"PropertyValueSpecification","valueRequired":true,"valueName":"search_term_string"}}],"inLanguage":"en-US"}]}},"_links":{"self":[{"href":"https:\/\/hakiacuka.com\/wp\/wp-json\/wp\/v2\/pages\/16080","targetHints":{"allow":["GET"]}}],"collection":[{"href":"https:\/\/hakiacuka.com\/wp\/wp-json\/wp\/v2\/pages"}],"about":[{"href":"https:\/\/hakiacuka.com\/wp\/wp-json\/wp\/v2\/types\/page"}],"author":[{"embeddable":true,"href":"https:\/\/hakiacuka.com\/wp\/wp-json\/wp\/v2\/users\/1"}],"replies":[{"embeddable":true,"href":"https:\/\/hakiacuka.com\/wp\/wp-json\/wp\/v2\/comments?post=16080"}],"version-history":[{"count":14,"href":"https:\/\/hakiacuka.com\/wp\/wp-json\/wp\/v2\/pages\/16080\/revisions"}],"predecessor-version":[{"id":16175,"href":"https:\/\/hakiacuka.com\/wp\/wp-json\/wp\/v2\/pages\/16080\/revisions\/16175"}],"wp:attachment":[{"href":"https:\/\/hakiacuka.com\/wp\/wp-json\/wp\/v2\/media?parent=16080"}],"curies":[{"name":"wp","href":"https:\/\/api.w.org\/{rel}","templated":true}]}}